{"id":5549,"date":"2024-03-25T04:00:33","date_gmt":"2024-03-25T04:00:33","guid":{"rendered":"https:\/\/marica.org\/?page_id=5549"},"modified":"2024-03-26T07:10:15","modified_gmt":"2024-03-26T07:10:15","slug":"landing-page","status":"publish","type":"page","link":"https:\/\/marica.org\/","title":{"rendered":"Landing page"},"content":{"rendered":"\t\t<div data-elementor-type=\"wp-page\" data-elementor-id=\"5549\" class=\"elementor elementor-5549\">\n\t\t\t\t<div class=\"elementor-element elementor-element-162a1a0 e-flex e-con-boxed e-con e-parent\" data-id=\"162a1a0\" data-element_type=\"container\">\n\t\t\t\t\t<div class=\"e-con-inner\">\n\t\t\t\t<div class=\"elementor-element elementor-element-84b0225 elementor-widget elementor-widget-mkdf_section_title\" data-id=\"84b0225\" data-element_type=\"widget\" data-widget_type=\"mkdf_section_title.default\">\n\t\t\t\t<div class=\"elementor-widget-container\">\n\t\t\t\t\t<div class=\"mkdf-section-title-holder  mkdf-st-standard mkdf-st-title-left mkdf-st-normal-space \" style=\"text-align: center\">\n\t<div class=\"mkdf-st-inner\">\n\t\t\t\t\t<h2 class=\"mkdf-st-title\" >\n\t\t\t\tPri\u010de iz Nepri\u010dave\t\t\t<\/h2>\n\t\t\t\t\t\t\t<p class=\"mkdf-st-text\" style=\"margin-top: 10px\">\n\t\t\t\ti drugih znamenitih mesta\t\t\t<\/p>\n\t\t\t<\/div>\n<\/div>\t\t\t\t<\/div>\n\t\t\t\t<\/div>\n\t\t\t\t\t<\/div>\n\t\t\t\t<\/div>\n\t\t<div class=\"elementor-element elementor-element-dba4631 e-flex e-con-boxed e-con e-parent\" data-id=\"dba4631\" data-element_type=\"container\">\n\t\t\t\t\t<div class=\"e-con-inner\">\n\t\t\t\t<div class=\"elementor-element elementor-element-1d91cc6 elementor-widget elementor-widget-mkdf_blog_list\" data-id=\"1d91cc6\" data-element_type=\"widget\" data-widget_type=\"mkdf_blog_list.default\">\n\t\t\t\t<div class=\"elementor-widget-container\">\n\t\t\t\t\t<div class=\"mkdf-blog-list-holder mkdf-grid-list mkdf-disable-bottom-space mkdf-bl-custom mkdf-two-columns mkdf-tiny-space mkdf-bl-pag-load-more mkdf-bl-left-alignment \"  data-type=custom data-number-of-posts=10 data-number-of-columns=two data-space-between-items=tiny data-category=Stories data-orderby=date data-order=DESC data-image-size=full data-title-tag=h4 data-post-info-image=yes data-post-info-author=no data-post-info-date=yes data-post-info-category=no data-post-info-comments=no data-post-info-like=no data-post-info-share=no data-pagination-type=load-more data-post-info-destination=no data-content-align=left-alignment data-post-info-read-more=no data-post-info-border=no data-max-num-pages=24 data-next-page=2>\n\t<div class=\"mkdf-bl-wrapper mkdf-outer-space\">\n\t\t<ul class=\"mkdf-blog-list\">\n\t\t\t\n<li class=\"mkdf-bl-item mkdf-item-space \">\n\t<div class=\"mkdf-bli-inner\">\n\t\t\n\t<div class=\"mkdf-post-image\">\n\t\t\t\t\t<a itemprop=\"url\" href=\"https:\/\/marica.org\/?p=21512\" title=\"Nemica u meni\">\n\t\t\t\t\t<img fetchpriority=\"high\" decoding=\"async\" width=\"1200\" height=\"800\" src=\"https:\/\/marica.org\/wp-content\/uploads\/2025\/10\/Bern-81.jpeg\" class=\"attachment-full size-full\" alt=\"\" srcset=\"https:\/\/marica.org\/wp-content\/uploads\/2025\/10\/Bern-81.jpeg 1200w, https:\/\/marica.org\/wp-content\/uploads\/2025\/10\/Bern-81-300x200.jpeg 300w, https:\/\/marica.org\/wp-content\/uploads\/2025\/10\/Bern-81-1024x683.jpeg 1024w, https:\/\/marica.org\/wp-content\/uploads\/2025\/10\/Bern-81-768x512.jpeg 768w\" sizes=\"(max-width: 1200px) 100vw, 1200px\" \/>\t\t\t\t\t<\/a>\n\t\t\t\t\t<\/div>\n<div itemprop=\"dateCreated\" class=\"mkdf-post-info-date entry-date published updated\">\n            <a itemprop=\"url\" href=\"https:\/\/marica.org\/?m=202602\">\n    \n        12\/02\/2026        <\/a>\n    <meta itemprop=\"interactionCount\" content=\"UserComments: 0\"\/>\n<\/div>\n\t\t<div class=\"mkdf-bli-content\" >\n            \n<h4 itemprop=\"name\" class=\"entry-title mkdf-post-title\" >\n            <a itemprop=\"url\" href=\"https:\/\/marica.org\/?p=21512\" title=\"Nemica u meni\">\n            Nemica u meni            <\/a>\n    <\/h4>            <div class=\"mkdf-bli-excerpt\">\n\t\t\t\t\t\t<div class=\"mkdf-post-excerpt-holder\">\n\t\t\t<p itemprop=\"description\" class=\"mkdf-post-excerpt\">\n\t\t\t\tNakon dve nedelje provedene u \u0160vajcarskoj do\u0161la sam do pora\u017eavaju\u0107eg zaklju\u010dka da mi se nema\u010dki deo mnogo vi\u0161e dopada od francuskog. Italijanski nisam obilazila. Ali Italijani i tako nemaju nikakvu ulogu u ovom francusko-nema\u010dkom nadmetanju. Dok smo \u017eiveli u Frankfurtu,\t\t\t<\/p>\n\t\t<\/div>\n\t\t\t\t\t            <\/div>\n            \t\t<\/div>\n\t<\/div>\n<\/li>\n<li class=\"mkdf-bl-item mkdf-item-space \">\n\t<div class=\"mkdf-bli-inner\">\n\t\t\n\t<div class=\"mkdf-post-image\">\n\t\t\t\t\t<a itemprop=\"url\" href=\"https:\/\/marica.org\/?p=21517\" title=\"2025. u knjigama\">\n\t\t\t\t\t<img decoding=\"async\" width=\"1200\" height=\"800\" src=\"https:\/\/marica.org\/wp-content\/uploads\/2026\/01\/2025-books.jpeg\" class=\"attachment-full size-full\" alt=\"\" srcset=\"https:\/\/marica.org\/wp-content\/uploads\/2026\/01\/2025-books.jpeg 1200w, https:\/\/marica.org\/wp-content\/uploads\/2026\/01\/2025-books-300x200.jpeg 300w, https:\/\/marica.org\/wp-content\/uploads\/2026\/01\/2025-books-1024x683.jpeg 1024w, https:\/\/marica.org\/wp-content\/uploads\/2026\/01\/2025-books-768x512.jpeg 768w\" sizes=\"(max-width: 1200px) 100vw, 1200px\" \/>\t\t\t\t\t<\/a>\n\t\t\t\t\t<\/div>\n<div itemprop=\"dateCreated\" class=\"mkdf-post-info-date entry-date published updated\">\n            <a itemprop=\"url\" href=\"https:\/\/marica.org\/?m=202601\">\n    \n        08\/01\/2026        <\/a>\n    <meta itemprop=\"interactionCount\" content=\"UserComments: 0\"\/>\n<\/div>\n\t\t<div class=\"mkdf-bli-content\" >\n            \n<h4 itemprop=\"name\" class=\"entry-title mkdf-post-title\" >\n            <a itemprop=\"url\" href=\"https:\/\/marica.org\/?p=21517\" title=\"2025. u knjigama\">\n            2025. u knjigama            <\/a>\n    <\/h4>            <div class=\"mkdf-bli-excerpt\">\n\t\t\t\t\t\t<div class=\"mkdf-post-excerpt-holder\">\n\t\t\t<p itemprop=\"description\" class=\"mkdf-post-excerpt\">\n\t\t\t\tOvo je druga godina zaredom da pravim ovaj presek o pro\u010ditanim knjigama. Prijalo mi je kada sam se pro\u0161le godine \"prise\u0107ala\" knjiga koje sam pro\u010ditala u 2024. Prirodno je da to probam da ponovim i ove godine. Nadam se da\t\t\t<\/p>\n\t\t<\/div>\n\t\t\t\t\t            <\/div>\n            \t\t<\/div>\n\t<\/div>\n<\/li>\n<li class=\"mkdf-bl-item mkdf-item-space \">\n\t<div class=\"mkdf-bli-inner\">\n\t\t\n\t<div class=\"mkdf-post-image\">\n\t\t\t\t\t<a itemprop=\"url\" href=\"https:\/\/marica.org\/?p=20699\" title=\"I Hrist kona\u010dno pro\u0111e Eboli\">\n\t\t\t\t\t<img decoding=\"async\" width=\"1200\" height=\"800\" src=\"https:\/\/marica.org\/wp-content\/uploads\/2025\/10\/Matera-19.jpeg\" class=\"attachment-full size-full\" alt=\"\" srcset=\"https:\/\/marica.org\/wp-content\/uploads\/2025\/10\/Matera-19.jpeg 1200w, https:\/\/marica.org\/wp-content\/uploads\/2025\/10\/Matera-19-300x200.jpeg 300w, https:\/\/marica.org\/wp-content\/uploads\/2025\/10\/Matera-19-1024x683.jpeg 1024w, https:\/\/marica.org\/wp-content\/uploads\/2025\/10\/Matera-19-768x512.jpeg 768w\" sizes=\"(max-width: 1200px) 100vw, 1200px\" \/>\t\t\t\t\t<\/a>\n\t\t\t\t\t<\/div>\n<div itemprop=\"dateCreated\" class=\"mkdf-post-info-date entry-date published updated\">\n            <a itemprop=\"url\" href=\"https:\/\/marica.org\/?m=202510\">\n    \n        24\/10\/2025        <\/a>\n    <meta itemprop=\"interactionCount\" content=\"UserComments: 0\"\/>\n<\/div>\n\t\t<div class=\"mkdf-bli-content\" >\n            \n<h4 itemprop=\"name\" class=\"entry-title mkdf-post-title\" >\n            <a itemprop=\"url\" href=\"https:\/\/marica.org\/?p=20699\" title=\"I Hrist kona\u010dno pro\u0111e Eboli\">\n            I Hrist kona\u010dno pro\u0111e Eboli            <\/a>\n    <\/h4>            <div class=\"mkdf-bli-excerpt\">\n\t\t\t\t\t\t<div class=\"mkdf-post-excerpt-holder\">\n\t\t\t<p itemprop=\"description\" class=\"mkdf-post-excerpt\">\n\t\t\t\tKada smo odlu\u010dili da provedemo mesec dana u Italiji, \u010dinilo mi se da je to dovoljno vremena da je obi\u0111emo bar uzdu\u017e, ako ne i popreko. Dodu\u0161e, mislila sam da presko\u010dim sve severnije od \u0110enove (tj. karabatak Italije) i fokusiram\t\t\t<\/p>\n\t\t<\/div>\n\t\t\t\t\t            <\/div>\n            \t\t<\/div>\n\t<\/div>\n<\/li>\n<li class=\"mkdf-bl-item mkdf-item-space \">\n\t<div class=\"mkdf-bli-inner\">\n\t\t\n\t<div class=\"mkdf-post-image\">\n\t\t\t\t\t<a itemprop=\"url\" href=\"https:\/\/marica.org\/?p=20529\" title=\"Herkulgrad\">\n\t\t\t\t\t<img loading=\"lazy\" decoding=\"async\" width=\"1200\" height=\"800\" src=\"https:\/\/marica.org\/wp-content\/uploads\/2025\/10\/Herculaneum-15.jpeg\" class=\"attachment-full size-full\" alt=\"\" srcset=\"https:\/\/marica.org\/wp-content\/uploads\/2025\/10\/Herculaneum-15.jpeg 1200w, https:\/\/marica.org\/wp-content\/uploads\/2025\/10\/Herculaneum-15-300x200.jpeg 300w, https:\/\/marica.org\/wp-content\/uploads\/2025\/10\/Herculaneum-15-1024x683.jpeg 1024w, https:\/\/marica.org\/wp-content\/uploads\/2025\/10\/Herculaneum-15-768x512.jpeg 768w\" sizes=\"(max-width: 1200px) 100vw, 1200px\" \/>\t\t\t\t\t<\/a>\n\t\t\t\t\t<\/div>\n<div itemprop=\"dateCreated\" class=\"mkdf-post-info-date entry-date published updated\">\n            <a itemprop=\"url\" href=\"https:\/\/marica.org\/?m=202510\">\n    \n        21\/10\/2025        <\/a>\n    <meta itemprop=\"interactionCount\" content=\"UserComments: 0\"\/>\n<\/div>\n\t\t<div class=\"mkdf-bli-content\" >\n            \n<h4 itemprop=\"name\" class=\"entry-title mkdf-post-title\" >\n            <a itemprop=\"url\" href=\"https:\/\/marica.org\/?p=20529\" title=\"Herkulgrad\">\n            Herkulgrad            <\/a>\n    <\/h4>            <div class=\"mkdf-bli-excerpt\">\n\t\t\t\t\t\t<div class=\"mkdf-post-excerpt-holder\">\n\t\t\t<p itemprop=\"description\" class=\"mkdf-post-excerpt\">\n\t\t\t\tSvi putevi, iz Napulja, vode u Pompeju, sem onih koji se odvoje za Herkulanum. Pompeja je Pompeja, ali kada se na\u0111ete na tom prostranom nalazi\u0161tu, okru\u017eeni s milion turista, i krenete da bajzate naokolo, vrlo brzo \u0107ete uvideti da tome\t\t\t<\/p>\n\t\t<\/div>\n\t\t\t\t\t            <\/div>\n            \t\t<\/div>\n\t<\/div>\n<\/li>\n<li class=\"mkdf-bl-item mkdf-item-space \">\n\t<div class=\"mkdf-bli-inner\">\n\t\t\n\t<div class=\"mkdf-post-image\">\n\t\t\t\t\t<a itemprop=\"url\" href=\"https:\/\/marica.org\/?p=20306\" title=\"cyop&#038;kaf\">\n\t\t\t\t\t<img loading=\"lazy\" decoding=\"async\" width=\"1200\" height=\"801\" src=\"https:\/\/marica.org\/wp-content\/uploads\/2025\/10\/napoli-31.jpeg\" class=\"attachment-full size-full\" alt=\"\" srcset=\"https:\/\/marica.org\/wp-content\/uploads\/2025\/10\/napoli-31.jpeg 1200w, https:\/\/marica.org\/wp-content\/uploads\/2025\/10\/napoli-31-300x200.jpeg 300w, https:\/\/marica.org\/wp-content\/uploads\/2025\/10\/napoli-31-1024x684.jpeg 1024w, https:\/\/marica.org\/wp-content\/uploads\/2025\/10\/napoli-31-768x513.jpeg 768w\" sizes=\"(max-width: 1200px) 100vw, 1200px\" \/>\t\t\t\t\t<\/a>\n\t\t\t\t\t<\/div>\n<div itemprop=\"dateCreated\" class=\"mkdf-post-info-date entry-date published updated\">\n            <a itemprop=\"url\" href=\"https:\/\/marica.org\/?m=202510\">\n    \n        20\/10\/2025        <\/a>\n    <meta itemprop=\"interactionCount\" content=\"UserComments: 0\"\/>\n<\/div>\n\t\t<div class=\"mkdf-bli-content\" >\n            \n<h4 itemprop=\"name\" class=\"entry-title mkdf-post-title\" >\n            <a itemprop=\"url\" href=\"https:\/\/marica.org\/?p=20306\" title=\"cyop&#038;kaf\">\n            cyop&#038;kaf            <\/a>\n    <\/h4>            <div class=\"mkdf-bli-excerpt\">\n\t\t\t\t\t\t<div class=\"mkdf-post-excerpt-holder\">\n\t\t\t<p itemprop=\"description\" class=\"mkdf-post-excerpt\">\n\t\t\t\tNe znam za\u0161to ovaj post nisam napisala 2022. kada sam se vratila iz Napulja. Ne znam za\u0161to ga nisam napisala ni po\u010detkom 2025. kada je\t\t\t<\/p>\n\t\t<\/div>\n\t\t\t\t\t            <\/div>\n            \t\t<\/div>\n\t<\/div>\n<\/li>\n<li class=\"mkdf-bl-item mkdf-item-space \">\n\t<div class=\"mkdf-bli-inner\">\n\t\t\n\t<div class=\"mkdf-post-image\">\n\t\t\t\t\t<a itemprop=\"url\" href=\"https:\/\/marica.org\/?p=20296\" title=\"Svi sveti\">\n\t\t\t\t\t<img loading=\"lazy\" decoding=\"async\" width=\"1200\" height=\"800\" src=\"https:\/\/marica.org\/wp-content\/uploads\/2025\/10\/napoli-25.jpeg\" class=\"attachment-full size-full\" alt=\"\" srcset=\"https:\/\/marica.org\/wp-content\/uploads\/2025\/10\/napoli-25.jpeg 1200w, https:\/\/marica.org\/wp-content\/uploads\/2025\/10\/napoli-25-300x200.jpeg 300w, https:\/\/marica.org\/wp-content\/uploads\/2025\/10\/napoli-25-1024x683.jpeg 1024w, https:\/\/marica.org\/wp-content\/uploads\/2025\/10\/napoli-25-768x512.jpeg 768w\" sizes=\"(max-width: 1200px) 100vw, 1200px\" \/>\t\t\t\t\t<\/a>\n\t\t\t\t\t<\/div>\n<div itemprop=\"dateCreated\" class=\"mkdf-post-info-date entry-date published updated\">\n            <a itemprop=\"url\" href=\"https:\/\/marica.org\/?m=202510\">\n    \n        17\/10\/2025        <\/a>\n    <meta itemprop=\"interactionCount\" content=\"UserComments: 0\"\/>\n<\/div>\n\t\t<div class=\"mkdf-bli-content\" >\n            \n<h4 itemprop=\"name\" class=\"entry-title mkdf-post-title\" >\n            <a itemprop=\"url\" href=\"https:\/\/marica.org\/?p=20296\" title=\"Svi sveti\">\n            Svi sveti            <\/a>\n    <\/h4>            <div class=\"mkdf-bli-excerpt\">\n\t\t\t\t\t\t<div class=\"mkdf-post-excerpt-holder\">\n\t\t\t<p itemprop=\"description\" class=\"mkdf-post-excerpt\">\n\t\t\t\t\u010citam skoro vesti o tome kako su prekrili mural Maradone u \u0161panskoj \u010detvrti u Napulju. Pro\u010ditala sam prvo prekre\u010dili. Pomislih: Kona\u010dno! Taj osrednje ru\u017enjikav mural je ionako dobijao previ\u0161e pa\u017enje. Ako ste se ikada zatekli u Napulju i odlu\u010dili da\t\t\t<\/p>\n\t\t<\/div>\n\t\t\t\t\t            <\/div>\n            \t\t<\/div>\n\t<\/div>\n<\/li>\n<li class=\"mkdf-bl-item mkdf-item-space \">\n\t<div class=\"mkdf-bli-inner\">\n\t\t\n\t<div class=\"mkdf-post-image\">\n\t\t\t\t\t<a itemprop=\"url\" href=\"https:\/\/marica.org\/?p=19963\" title=\"Pogled na okean\">\n\t\t\t\t\t<img loading=\"lazy\" decoding=\"async\" width=\"1200\" height=\"800\" src=\"https:\/\/marica.org\/wp-content\/uploads\/2024\/04\/Great-ocean-walk-123.jpg\" class=\"attachment-full size-full\" alt=\"\" srcset=\"https:\/\/marica.org\/wp-content\/uploads\/2024\/04\/Great-ocean-walk-123.jpg 1200w, https:\/\/marica.org\/wp-content\/uploads\/2024\/04\/Great-ocean-walk-123-300x200.jpg 300w, https:\/\/marica.org\/wp-content\/uploads\/2024\/04\/Great-ocean-walk-123-1024x683.jpg 1024w, https:\/\/marica.org\/wp-content\/uploads\/2024\/04\/Great-ocean-walk-123-768x512.jpg 768w\" sizes=\"(max-width: 1200px) 100vw, 1200px\" \/>\t\t\t\t\t<\/a>\n\t\t\t\t\t<\/div>\n<div itemprop=\"dateCreated\" class=\"mkdf-post-info-date entry-date published updated\">\n            <a itemprop=\"url\" href=\"https:\/\/marica.org\/?m=202505\">\n    \n        13\/05\/2025        <\/a>\n    <meta itemprop=\"interactionCount\" content=\"UserComments: 0\"\/>\n<\/div>\n\t\t<div class=\"mkdf-bli-content\" >\n            \n<h4 itemprop=\"name\" class=\"entry-title mkdf-post-title\" >\n            <a itemprop=\"url\" href=\"https:\/\/marica.org\/?p=19963\" title=\"Pogled na okean\">\n            Pogled na okean            <\/a>\n    <\/h4>            <div class=\"mkdf-bli-excerpt\">\n\t\t\t\t\t\t<div class=\"mkdf-post-excerpt-holder\">\n\t\t\t<p itemprop=\"description\" class=\"mkdf-post-excerpt\">\n\t\t\t\tRanac na le\u0111ima, cokule na nogama i stotinak kilometara staze koja prati obalu Ju\u017enog okeana. Na po\u010detku smo na\u0161e vi\u0161ednevne pe\u0161a\u010dke avanture. Vreme je muljavo. Oblaci ve\u0107aju sa koliko vode da nas zaspu. Mi ve\u0107amo da li da ru\u010damo u\t\t\t<\/p>\n\t\t<\/div>\n\t\t\t\t\t            <\/div>\n            \t\t<\/div>\n\t<\/div>\n<\/li>\n<li class=\"mkdf-bl-item mkdf-item-space \">\n\t<div class=\"mkdf-bli-inner\">\n\t\t\n\t<div class=\"mkdf-post-image\">\n\t\t\t\t\t<a itemprop=\"url\" href=\"https:\/\/marica.org\/?p=19926\" title=\"Eh te banke\">\n\t\t\t\t\t<img loading=\"lazy\" decoding=\"async\" width=\"1200\" height=\"800\" src=\"https:\/\/marica.org\/wp-content\/uploads\/2024\/04\/bogota-72-1.jpg\" class=\"attachment-full size-full\" alt=\"\" srcset=\"https:\/\/marica.org\/wp-content\/uploads\/2024\/04\/bogota-72-1.jpg 1200w, https:\/\/marica.org\/wp-content\/uploads\/2024\/04\/bogota-72-1-300x200.jpg 300w, https:\/\/marica.org\/wp-content\/uploads\/2024\/04\/bogota-72-1-1024x683.jpg 1024w, https:\/\/marica.org\/wp-content\/uploads\/2024\/04\/bogota-72-1-768x512.jpg 768w\" sizes=\"(max-width: 1200px) 100vw, 1200px\" \/>\t\t\t\t\t<\/a>\n\t\t\t\t\t<\/div>\n<div itemprop=\"dateCreated\" class=\"mkdf-post-info-date entry-date published updated\">\n            <a itemprop=\"url\" href=\"https:\/\/marica.org\/?m=202503\">\n    \n        18\/03\/2025        <\/a>\n    <meta itemprop=\"interactionCount\" content=\"UserComments: 0\"\/>\n<\/div>\n\t\t<div class=\"mkdf-bli-content\" >\n            \n<h4 itemprop=\"name\" class=\"entry-title mkdf-post-title\" >\n            <a itemprop=\"url\" href=\"https:\/\/marica.org\/?p=19926\" title=\"Eh te banke\">\n            Eh te banke            <\/a>\n    <\/h4>            <div class=\"mkdf-bli-excerpt\">\n\t\t\t\t\t\t<div class=\"mkdf-post-excerpt-holder\">\n\t\t\t<p itemprop=\"description\" class=\"mkdf-post-excerpt\">\n\t\t\t\tZa svojih 47 godina \u017eivela sam u 4 razli\u010dite zemlje i bila korisnik desetak banaka.Sve banke su ista govna i nijanse su samo u smradu. Jako mi je \u017eao \u0161to nisam svakoj od bankarskih budala\u0161tina poklonila po jedan post. Ali\t\t\t<\/p>\n\t\t<\/div>\n\t\t\t\t\t            <\/div>\n            \t\t<\/div>\n\t<\/div>\n<\/li>\n<li class=\"mkdf-bl-item mkdf-item-space \">\n\t<div class=\"mkdf-bli-inner\">\n\t\t\n\t<div class=\"mkdf-post-image\">\n\t\t\t\t\t<a itemprop=\"url\" href=\"https:\/\/marica.org\/?p=19923\" title=\"Jedva \u010dekam subotu!\">\n\t\t\t\t\t<img loading=\"lazy\" decoding=\"async\" width=\"1200\" height=\"800\" src=\"https:\/\/marica.org\/wp-content\/uploads\/2024\/04\/Melbourne-40.jpg\" class=\"attachment-full size-full\" alt=\"\" srcset=\"https:\/\/marica.org\/wp-content\/uploads\/2024\/04\/Melbourne-40.jpg 1200w, https:\/\/marica.org\/wp-content\/uploads\/2024\/04\/Melbourne-40-300x200.jpg 300w, https:\/\/marica.org\/wp-content\/uploads\/2024\/04\/Melbourne-40-1024x683.jpg 1024w, https:\/\/marica.org\/wp-content\/uploads\/2024\/04\/Melbourne-40-768x512.jpg 768w\" sizes=\"(max-width: 1200px) 100vw, 1200px\" \/>\t\t\t\t\t<\/a>\n\t\t\t\t\t<\/div>\n<div itemprop=\"dateCreated\" class=\"mkdf-post-info-date entry-date published updated\">\n            <a itemprop=\"url\" href=\"https:\/\/marica.org\/?m=202503\">\n    \n        10\/03\/2025        <\/a>\n    <meta itemprop=\"interactionCount\" content=\"UserComments: 1\"\/>\n<\/div>\n\t\t<div class=\"mkdf-bli-content\" >\n            \n<h4 itemprop=\"name\" class=\"entry-title mkdf-post-title\" >\n            <a itemprop=\"url\" href=\"https:\/\/marica.org\/?p=19923\" title=\"Jedva \u010dekam subotu!\">\n            Jedva \u010dekam subotu!            <\/a>\n    <\/h4>            <div class=\"mkdf-bli-excerpt\">\n\t\t\t\t\t\t<div class=\"mkdf-post-excerpt-holder\">\n\t\t\t<p itemprop=\"description\" class=\"mkdf-post-excerpt\">\n\t\t\t\tOve godine, u Srbiju \u0107e prole\u0107e sti\u0107i 15. marta!\r\n\r\nIza\u0111ite na ulice da ga do\u010dekate!\t\t\t<\/p>\n\t\t<\/div>\n\t\t\t\t\t            <\/div>\n            \t\t<\/div>\n\t<\/div>\n<\/li>\n<li class=\"mkdf-bl-item mkdf-item-space \">\n\t<div class=\"mkdf-bli-inner\">\n\t\t\n\t<div class=\"mkdf-post-image\">\n\t\t\t\t\t<a itemprop=\"url\" href=\"https:\/\/marica.org\/?p=19541\" title=\"Tokio\">\n\t\t\t\t\t<img loading=\"lazy\" decoding=\"async\" width=\"1200\" height=\"800\" src=\"https:\/\/marica.org\/wp-content\/uploads\/2025\/01\/tokio.jpg\" class=\"attachment-full size-full\" alt=\"\" srcset=\"https:\/\/marica.org\/wp-content\/uploads\/2025\/01\/tokio.jpg 1200w, https:\/\/marica.org\/wp-content\/uploads\/2025\/01\/tokio-300x200.jpg 300w, https:\/\/marica.org\/wp-content\/uploads\/2025\/01\/tokio-1024x683.jpg 1024w, https:\/\/marica.org\/wp-content\/uploads\/2025\/01\/tokio-768x512.jpg 768w\" sizes=\"(max-width: 1200px) 100vw, 1200px\" \/>\t\t\t\t\t<\/a>\n\t\t\t\t\t<\/div>\n<div itemprop=\"dateCreated\" class=\"mkdf-post-info-date entry-date published updated\">\n            <a itemprop=\"url\" href=\"https:\/\/marica.org\/?m=202501\">\n    \n        21\/01\/2025        <\/a>\n    <meta itemprop=\"interactionCount\" content=\"UserComments: 0\"\/>\n<\/div>\n\t\t<div class=\"mkdf-bli-content\" >\n            \n<h4 itemprop=\"name\" class=\"entry-title mkdf-post-title\" >\n            <a itemprop=\"url\" href=\"https:\/\/marica.org\/?p=19541\" title=\"Tokio\">\n            Tokio            <\/a>\n    <\/h4>            <div class=\"mkdf-bli-excerpt\">\n\t\t\t\t\t\t<div class=\"mkdf-post-excerpt-holder\">\n\t\t\t<p itemprop=\"description\" class=\"mkdf-post-excerpt\">\n\t\t\t\tPro\u0161lo je 11 godina od moje prve posete Tokiju. Bilo je prole\u0107e. Te godine sakura je poranila. Iako smo propustili vrhunac, rozih listi\u0107a je bilo i dalje u izobilju. Videli smo Tokio u svom najlep\u0161em izdanju. Bar sam u to\t\t\t<\/p>\n\t\t<\/div>\n\t\t\t\t\t            <\/div>\n            \t\t<\/div>\n\t<\/div>\n<\/li>\t\t<\/ul>\n\t<\/div>\n\t\t<div class=\"mkdf-blog-pag-loading\">\n\t\t<div class=\"mkdf-blog-pag-bounce1\"><\/div>\n\t\t<div class=\"mkdf-blog-pag-bounce2\"><\/div>\n\t\t<div class=\"mkdf-blog-pag-bounce3\"><\/div>\n\t<\/div>\n\t<div class=\"mkdf-blog-pag-load-more\">\n\t\t<a itemprop=\"url\" href=\"#\" target=\"_self\"  class=\"mkdf-btn mkdf-btn-medium mkdf-btn-solid\"  >    <span class=\"mkdf-btn-text\">Load More<\/span>    <\/a>\t<\/div>\n<\/div>\t\t\t\t<\/div>\n\t\t\t\t<\/div>\n\t\t\t\t\t<\/div>\n\t\t\t\t<\/div>\n\t\t\t\t<\/div>\n\t\t","protected":false},"excerpt":{"rendered":"<p>Pri\u010de iz Nepri\u010dave i drugih znamenitih mesta 28\/12\/2022 Naokolo Sanrema Italijanska avantura po\u010dela je krajem septembra 2022. Pre toga, u Italiji sam bila samo jednom. Pre nekih 13 godina. Manje-vi\u0161e. Godine lete, a mene mrzi sad vr\u0161ljati po starim kalendarima. [&hellip;]<\/p>\n","protected":false},"author":1,"featured_media":0,"parent":0,"menu_order":0,"comment_status":"closed","ping_status":"closed","template":"","meta":{"footnotes":""},"class_list":["post-5549","page","type-page","status-publish","hentry"],"_links":{"self":[{"href":"https:\/\/marica.org\/index.php?rest_route=\/wp\/v2\/pages\/5549","targetHints":{"allow":["GET"]}}],"collection":[{"href":"https:\/\/marica.org\/index.php?rest_route=\/wp\/v2\/pages"}],"about":[{"href":"https:\/\/marica.org\/index.php?rest_route=\/wp\/v2\/types\/page"}],"author":[{"embeddable":true,"href":"https:\/\/marica.org\/index.php?rest_route=\/wp\/v2\/users\/1"}],"replies":[{"embeddable":true,"href":"https:\/\/marica.org\/index.php?rest_route=%2Fwp%2Fv2%2Fcomments&post=5549"}],"version-history":[{"count":22,"href":"https:\/\/marica.org\/index.php?rest_route=\/wp\/v2\/pages\/5549\/revisions"}],"predecessor-version":[{"id":5877,"href":"https:\/\/marica.org\/index.php?rest_route=\/wp\/v2\/pages\/5549\/revisions\/5877"}],"wp:attachment":[{"href":"https:\/\/marica.org\/index.php?rest_route=%2Fwp%2Fv2%2Fmedia&parent=5549"}],"curies":[{"name":"wp","href":"https:\/\/api.w.org\/{rel}","templated":true}]}}